{"id":8,"date":"2018-07-08T11:35:18","date_gmt":"2018-07-08T08:35:18","guid":{"rendered":"http:\/\/2019.brs.org.tr\/?page_id=8"},"modified":"2021-06-20T22:14:50","modified_gmt":"2021-06-20T19:14:50","slug":"ana-sayfa","status":"publish","type":"page","link":"https:\/\/2021.brs.org.tr\/","title":{"rendered":"Ana Sayfa"},"content":{"rendered":"<h1 style=\"text-align: right;\"><strong>Kalan Kontenjan;\u00a0 <\/strong><\/h1>\n<h2 style=\"text-align: right;\"><b>0..<\/b><\/h2>\n<h5 style=\"text-align: right;\"><b><\/b><a href=\"https:\/\/2021.brs.org.tr\/wp-content\/uploads\/2021\/06\/tr.jpg\">Kat\u0131l\u0131mc\u0131 Listesi<\/a><\/h5>\n<h2 style=\"text-align: right;\">Grup Listesi<\/h2>\n<p>Uluslararas\u0131 Beyin Ara\u015ft\u0131rmalar\u0131 Okulu, BSN Sa\u011fl\u0131k Analiz Org. Ltd \u015eti taraf\u0131ndan S\u00fcleyman Demirel \u00dcniversitesinde [N\u00f6rolojik Bilimler Uygulama ve Ara\u015ft\u0131rma Merkezinde (N\u00d6ROBAM)] d\u00fczenlenecektir.<\/p>\n<p style=\"font-weight: 400;\">Okulda, beyin, haf\u0131za, periferal a\u011fr\u0131 ve bunlar\u0131n fizyolojik-patofizyolojik-etiyolojik etkilerinin ara\u015ft\u0131r\u0131lmas\u0131nda kullan\u0131lan teknikleri ve temel sinir bilim bilgilerini ara\u015ft\u0131rmac\u0131lara aktarmay\u0131 hedeflemektedir (sinir h\u00fccre serilerinde yap\u0131lan, h\u00fccre k\u00fclt\u00fcr\u00fc a\u011f\u0131rl\u0131kl\u0131, Patch-Clamp, Western blot, kalsiyum sinyali, plate-reader (kuyucuk okuyucu, eliza) ve konfokal mikroskop analizleri). Ayr\u0131ca, kat\u0131l\u0131mc\u0131lara uluslararas\u0131 ve ulusal \u00f6\u011fretim \u00fcyelerince, iyonlar, iyon kanallar\u0131 ve sinir fizyolojisi gibi temel ve klinik dersler verilecektir. Okulda yeni projeler ve ara\u015ft\u0131rmalar yapabilmek i\u00e7in konular\u0131nda uzman uluslararas\u0131 bilim insanlar\u0131 ile tan\u0131\u015fma, bilgi al\u0131\u015f-veri\u015fi gibi faaliyetler yap\u0131lacakt\u0131r.<\/p>\n<p style=\"font-weight: 400;\">Okulda ders verecek \u00f6\u011fretim \u00fcyelerinden baz\u0131lar\u0131 \u015funlard\u0131r;<\/p>\n            <div class=\"fotorama responsive-image-silder\" \n                data-width=\"100%\"\n                data-height=\"\" \n                data-nav=\"dots\"\n                data-navwidth=\"\" \n                data-allowfullscreen=\"true\"\n                data-fit=\"cover\"\n                data-transitionduration=\"300\"\n                data-autoplay=\"true\" \n                data-loop=\"true\"\n                data-arrows=\"true\" \n                data-swipe=\"true\"\n                data-spinner=\"true\" \n                data-transition=\"slide\">\n                                        <img decoding=\"async\" src=\"https:\/\/2021.brs.org.tr\/wp-content\/uploads\/2021\/06\/brs-lec-basu-1.jpg\" data-thumb=\"https:\/\/2021.brs.org.tr\/wp-content\/uploads\/2021\/06\/brs-lec-basu-1-150x150.jpg\" data-caption=\"\">\n                                                <img decoding=\"async\" src=\"https:\/\/2021.brs.org.tr\/wp-content\/uploads\/2018\/09\/lec-denis2.jpg\" data-thumb=\"https:\/\/2021.brs.org.tr\/wp-content\/uploads\/2018\/09\/lec-denis2-150x150.jpg\" data-caption=\"\">\n                                                <img decoding=\"async\" src=\"https:\/\/2021.brs.org.tr\/wp-content\/uploads\/2019\/10\/lec-marco.jpg\" data-thumb=\"https:\/\/2021.brs.org.tr\/wp-content\/uploads\/2019\/10\/lec-marco-150x150.jpg\" data-caption=\"\">\n                                                <img decoding=\"async\" src=\"https:\/\/2021.brs.org.tr\/wp-content\/uploads\/2019\/06\/lec-mustafa.jpg\" data-thumb=\"https:\/\/2021.brs.org.tr\/wp-content\/uploads\/2019\/06\/lec-mustafa-150x150.jpg\" data-caption=\"\">\n                                                <img decoding=\"async\" src=\"https:\/\/2021.brs.org.tr\/wp-content\/uploads\/2021\/02\/lec-nashat.jpg\" data-thumb=\"https:\/\/2021.brs.org.tr\/wp-content\/uploads\/2021\/02\/lec-nashat-150x150.jpg\" data-caption=\"\">\n                                                <img decoding=\"async\" src=\"https:\/\/2021.brs.org.tr\/wp-content\/uploads\/2019\/04\/lec-simon.jpg\" data-thumb=\"https:\/\/2021.brs.org.tr\/wp-content\/uploads\/2019\/04\/lec-simon-150x150.jpg\" data-caption=\"\">\n                                                <img decoding=\"async\" src=\"https:\/\/2021.brs.org.tr\/wp-content\/uploads\/2021\/06\/brs-lec-xu.jpg\" data-thumb=\"https:\/\/2021.brs.org.tr\/wp-content\/uploads\/2021\/06\/brs-lec-xu-150x150.jpg\" data-caption=\"\">\n                                    <\/div>\n            \n            <!-- Initialization Script - Inside the container to ensure it's returned by the shortcode -->\n            <script>\n                jQuery(function ($) {\n                    $('.responsive-image-silder').fotorama({\n                        spinner: {\n                            lines: 13,\n                            color: 'rgba(0, 0, 0, .75)',\n                            className: 'fotorama',\n                        }\n                    });\n                });\n            <\/script>\n            \n<p style=\"font-weight: 400;\">Kat\u0131l\u0131mc\u0131lara deney hayvanlar\u0131nda ve h\u00fccre k\u00fclt\u00fcr\u00fc ortamlar\u0131nda Epilepsi, Alzheimer ve Diyabetik N\u00f6ropatik A\u011fr\u0131 hastal\u0131k modelleri olu\u015fturma teknikleri de anlat\u0131lacakt\u0131r. Okul kontenjan ile s\u0131n\u0131rl\u0131d\u0131r. Okulda poster sunumlar\u0131 da yap\u0131labilecektir. Okul \u00f6zetleri, indekslerce taranan ve \u2018Dergi Park\u2019 kapsam\u0131nda yer alan \u2018Journal of Cellular Neurosceince and Oxidative Stress\u2019 dergisinde \u0130ngilizce olarak bas\u0131lacakt\u0131r (http:\/\/dergipark.gov.tr\/jcnos).<strong>\u00a0<\/strong><strong style=\"font-size: 15px;\">\u00a0<\/strong><\/p>\n<p style=\"font-weight: 400;\"><strong>Okul bilim kurulu ve konu\u015fmac\u0131lar\u0131n\u0131n yakla\u015f\u0131k %90<\/strong><strong>\u2019<\/strong><strong>\u0131 yurt d\u0131\u015f\u0131ndand\u0131r ve \u00dcniversiteleraras\u0131 Kurul\u2019un 2018 Nisan d\u00f6neminden itibaren ge\u00e7erli olan Do\u00e7entlik ba\u015fvuru kriterleri i\u00e7erisindeki Uluslararas\u0131 s\u00f6zl\u00fc sunum \u015fartlar\u0131n\u0131 sa\u011flamaktad\u0131r.\u00a0<\/strong><\/p>\n<p style=\"font-weight: 400;\">G\u00fcller diyar\u0131 Isparta\u2019da g\u00f6r\u00fc\u015fmek \u00fcmidi ile. Sayg\u0131lar\u0131m\u0131zla.<\/p>\n            <div class=\"fotorama responsive-image-silder\" \n                data-width=\"100%\"\n                data-height=\"100%\" \n                data-nav=\"dots\"\n                data-navwidth=\"\" \n                data-allowfullscreen=\"true\"\n                data-fit=\"cover\"\n                data-transitionduration=\"300\"\n                data-autoplay=\"true\" \n                data-loop=\"true\"\n                data-arrows=\"true\" \n                data-swipe=\"true\"\n                data-spinner=\"true\" \n                data-transition=\"slide\">\n                                        <img decoding=\"async\" src=\"https:\/\/2021.brs.org.tr\/wp-content\/uploads\/2018\/09\/IMG_3578.jpg\" data-thumb=\"https:\/\/2021.brs.org.tr\/wp-content\/uploads\/2018\/09\/IMG_3578-150x150.jpg\" data-caption=\"\">\n                                                <img decoding=\"async\" src=\"https:\/\/2021.brs.org.tr\/wp-content\/uploads\/2019\/07\/1S.jpg\" data-thumb=\"https:\/\/2021.brs.org.tr\/wp-content\/uploads\/2019\/07\/1S-150x150.jpg\" data-caption=\"\">\n                                                <img decoding=\"async\" src=\"https:\/\/2021.brs.org.tr\/wp-content\/uploads\/2019\/07\/2S.jpg\" data-thumb=\"https:\/\/2021.brs.org.tr\/wp-content\/uploads\/2019\/07\/2S-150x150.jpg\" data-caption=\"\">\n                                                <img decoding=\"async\" src=\"https:\/\/2021.brs.org.tr\/wp-content\/uploads\/2019\/07\/3S.jpg\" data-thumb=\"https:\/\/2021.brs.org.tr\/wp-content\/uploads\/2019\/07\/3S-150x150.jpg\" data-caption=\"\">\n                                                <img decoding=\"async\" src=\"https:\/\/2021.brs.org.tr\/wp-content\/uploads\/2019\/07\/4S.jpg\" data-thumb=\"https:\/\/2021.brs.org.tr\/wp-content\/uploads\/2019\/07\/4S-150x150.jpg\" data-caption=\"\">\n                                                <img decoding=\"async\" src=\"https:\/\/2021.brs.org.tr\/wp-content\/uploads\/2019\/07\/5S.jpg\" data-thumb=\"https:\/\/2021.brs.org.tr\/wp-content\/uploads\/2019\/07\/5S-150x150.jpg\" data-caption=\"\">\n                                                <img decoding=\"async\" src=\"https:\/\/2021.brs.org.tr\/wp-content\/uploads\/2019\/07\/6S.jpg\" data-thumb=\"https:\/\/2021.brs.org.tr\/wp-content\/uploads\/2019\/07\/6S-150x150.jpg\" data-caption=\"\">\n                                                <img decoding=\"async\" src=\"https:\/\/2021.brs.org.tr\/wp-content\/uploads\/2019\/07\/7S.jpg\" data-thumb=\"https:\/\/2021.brs.org.tr\/wp-content\/uploads\/2019\/07\/7S-150x150.jpg\" data-caption=\"\">\n                                                <img decoding=\"async\" src=\"https:\/\/2021.brs.org.tr\/wp-content\/uploads\/2019\/07\/8S.jpg\" data-thumb=\"https:\/\/2021.brs.org.tr\/wp-content\/uploads\/2019\/07\/8S-150x150.jpg\" data-caption=\"\">\n                                                <img decoding=\"async\" src=\"https:\/\/2021.brs.org.tr\/wp-content\/uploads\/2019\/07\/9S.jpg\" data-thumb=\"https:\/\/2021.brs.org.tr\/wp-content\/uploads\/2019\/07\/9S-150x150.jpg\" data-caption=\"\">\n                                                <img decoding=\"async\" src=\"https:\/\/2021.brs.org.tr\/wp-content\/uploads\/2019\/07\/10S.jpg\" data-thumb=\"https:\/\/2021.brs.org.tr\/wp-content\/uploads\/2019\/07\/10S-150x150.jpg\" data-caption=\"\">\n                                                <img decoding=\"async\" src=\"https:\/\/2021.brs.org.tr\/wp-content\/uploads\/2019\/07\/11S.jpg\" data-thumb=\"https:\/\/2021.brs.org.tr\/wp-content\/uploads\/2019\/07\/11S-150x150.jpg\" data-caption=\"\">\n                                                <img decoding=\"async\" src=\"https:\/\/2021.brs.org.tr\/wp-content\/uploads\/2019\/07\/12S.jpg\" data-thumb=\"https:\/\/2021.brs.org.tr\/wp-content\/uploads\/2019\/07\/12S-150x150.jpg\" data-caption=\"\">\n                                                <img decoding=\"async\" src=\"https:\/\/2021.brs.org.tr\/wp-content\/uploads\/2019\/07\/13S.jpg\" data-thumb=\"https:\/\/2021.brs.org.tr\/wp-content\/uploads\/2019\/07\/13S-150x150.jpg\" data-caption=\"\">\n                                                <img decoding=\"async\" src=\"https:\/\/2021.brs.org.tr\/wp-content\/uploads\/2019\/07\/14S.jpg\" data-thumb=\"https:\/\/2021.brs.org.tr\/wp-content\/uploads\/2019\/07\/14S-150x150.jpg\" data-caption=\"\">\n                                                <img decoding=\"async\" src=\"https:\/\/2021.brs.org.tr\/wp-content\/uploads\/2019\/07\/20S.jpg\" data-thumb=\"https:\/\/2021.brs.org.tr\/wp-content\/uploads\/2019\/07\/20S-150x150.jpg\" data-caption=\"\">\n                                                <img decoding=\"async\" src=\"https:\/\/2021.brs.org.tr\/wp-content\/uploads\/2019\/07\/21S.jpg\" data-thumb=\"https:\/\/2021.brs.org.tr\/wp-content\/uploads\/2019\/07\/21S-150x150.jpg\" data-caption=\"\">\n                                                <img decoding=\"async\" src=\"https:\/\/2021.brs.org.tr\/wp-content\/uploads\/2019\/10\/52.jpg\" data-thumb=\"https:\/\/2021.brs.org.tr\/wp-content\/uploads\/2019\/10\/52-150x150.jpg\" data-caption=\"\">\n                                                <img decoding=\"async\" src=\"https:\/\/2021.brs.org.tr\/wp-content\/uploads\/2019\/07\/18S.jpg\" data-thumb=\"https:\/\/2021.brs.org.tr\/wp-content\/uploads\/2019\/07\/18S-150x150.jpg\" data-caption=\"\">\n                                                <img decoding=\"async\" src=\"https:\/\/2021.brs.org.tr\/wp-content\/uploads\/2019\/07\/15S.jpg\" data-thumb=\"https:\/\/2021.brs.org.tr\/wp-content\/uploads\/2019\/07\/15S-150x150.jpg\" data-caption=\"\">\n                                                <img decoding=\"async\" src=\"https:\/\/2021.brs.org.tr\/wp-content\/uploads\/2019\/07\/17S.jpg\" data-thumb=\"https:\/\/2021.brs.org.tr\/wp-content\/uploads\/2019\/07\/17S-150x150.jpg\" data-caption=\"\">\n                                                <img decoding=\"async\" src=\"https:\/\/2021.brs.org.tr\/wp-content\/uploads\/2019\/07\/43S.jpg\" data-thumb=\"https:\/\/2021.brs.org.tr\/wp-content\/uploads\/2019\/07\/43S-150x150.jpg\" data-caption=\"\">\n                                                <img decoding=\"async\" src=\"https:\/\/2021.brs.org.tr\/wp-content\/uploads\/2019\/07\/44S.jpg\" data-thumb=\"https:\/\/2021.brs.org.tr\/wp-content\/uploads\/2019\/07\/44S-150x150.jpg\" data-caption=\"\">\n                                                <img decoding=\"async\" src=\"https:\/\/2021.brs.org.tr\/wp-content\/uploads\/2019\/10\/53.jpg\" data-thumb=\"https:\/\/2021.brs.org.tr\/wp-content\/uploads\/2019\/10\/53-150x150.jpg\" data-caption=\"\">\n                                                <img decoding=\"async\" src=\"https:\/\/2021.brs.org.tr\/wp-content\/uploads\/2019\/07\/22S.jpg\" data-thumb=\"https:\/\/2021.brs.org.tr\/wp-content\/uploads\/2019\/07\/22S-150x150.jpg\" data-caption=\"\">\n                                                <img decoding=\"async\" src=\"https:\/\/2021.brs.org.tr\/wp-content\/uploads\/2019\/07\/24s.jpg\" data-thumb=\"https:\/\/2021.brs.org.tr\/wp-content\/uploads\/2019\/07\/24s-150x150.jpg\" data-caption=\"\">\n                                                <img decoding=\"async\" src=\"https:\/\/2021.brs.org.tr\/wp-content\/uploads\/2019\/07\/23S.jpg\" data-thumb=\"https:\/\/2021.brs.org.tr\/wp-content\/uploads\/2019\/07\/23S-150x150.jpg\" data-caption=\"\">\n                                                <img decoding=\"async\" src=\"https:\/\/2021.brs.org.tr\/wp-content\/uploads\/2019\/07\/27S.jpg\" data-thumb=\"https:\/\/2021.brs.org.tr\/wp-content\/uploads\/2019\/07\/27S-150x150.jpg\" data-caption=\"\">\n                                                <img decoding=\"async\" src=\"https:\/\/2021.brs.org.tr\/wp-content\/uploads\/2019\/07\/28S.jpg\" data-thumb=\"https:\/\/2021.brs.org.tr\/wp-content\/uploads\/2019\/07\/28S-150x150.jpg\" data-caption=\"\">\n                                                <img decoding=\"async\" src=\"https:\/\/2021.brs.org.tr\/wp-content\/uploads\/2019\/07\/29S.jpg\" data-thumb=\"https:\/\/2021.brs.org.tr\/wp-content\/uploads\/2019\/07\/29S-150x150.jpg\" data-caption=\"\">\n                                                <img decoding=\"async\" src=\"https:\/\/2021.brs.org.tr\/wp-content\/uploads\/2019\/07\/30S.jpg\" data-thumb=\"https:\/\/2021.brs.org.tr\/wp-content\/uploads\/2019\/07\/30S-150x150.jpg\" data-caption=\"\">\n                                                <img decoding=\"async\" src=\"https:\/\/2021.brs.org.tr\/wp-content\/uploads\/2019\/07\/32S.jpg\" data-thumb=\"https:\/\/2021.brs.org.tr\/wp-content\/uploads\/2019\/07\/32S-150x150.jpg\" data-caption=\"\">\n                                                <img decoding=\"async\" src=\"https:\/\/2021.brs.org.tr\/wp-content\/uploads\/2019\/07\/34S.jpg\" data-thumb=\"https:\/\/2021.brs.org.tr\/wp-content\/uploads\/2019\/07\/34S-150x150.jpg\" data-caption=\"\">\n                                                <img decoding=\"async\" src=\"https:\/\/2021.brs.org.tr\/wp-content\/uploads\/2019\/07\/35S.jpg\" data-thumb=\"https:\/\/2021.brs.org.tr\/wp-content\/uploads\/2019\/07\/35S-150x150.jpg\" data-caption=\"\">\n                                                <img decoding=\"async\" src=\"https:\/\/2021.brs.org.tr\/wp-content\/uploads\/2019\/07\/36S.jpg\" data-thumb=\"https:\/\/2021.brs.org.tr\/wp-content\/uploads\/2019\/07\/36S-150x150.jpg\" data-caption=\"\">\n                                                <img decoding=\"async\" src=\"https:\/\/2021.brs.org.tr\/wp-content\/uploads\/2019\/07\/37S.jpg\" data-thumb=\"https:\/\/2021.brs.org.tr\/wp-content\/uploads\/2019\/07\/37S-150x150.jpg\" data-caption=\"\">\n                                                <img decoding=\"async\" src=\"https:\/\/2021.brs.org.tr\/wp-content\/uploads\/2019\/07\/40S.jpg\" data-thumb=\"https:\/\/2021.brs.org.tr\/wp-content\/uploads\/2019\/07\/40S-150x150.jpg\" data-caption=\"\">\n                                                <img decoding=\"async\" src=\"https:\/\/2021.brs.org.tr\/wp-content\/uploads\/2019\/07\/39S.jpg\" data-thumb=\"https:\/\/2021.brs.org.tr\/wp-content\/uploads\/2019\/07\/39S-150x150.jpg\" data-caption=\"\">\n                                                <img decoding=\"async\" src=\"https:\/\/2021.brs.org.tr\/wp-content\/uploads\/2019\/10\/51.jpg\" data-thumb=\"https:\/\/2021.brs.org.tr\/wp-content\/uploads\/2019\/10\/51-150x150.jpg\" data-caption=\"\">\n                                    <\/div>\n            \n            <!-- Initialization Script - Inside the container to ensure it's returned by the shortcode -->\n            <script>\n                jQuery(function ($) {\n                    $('.responsive-image-silder').fotorama({\n                        spinner: {\n                            lines: 13,\n                            color: 'rgba(0, 0, 0, .75)',\n                            className: 'fotorama',\n                        }\n                    });\n                });\n            <\/script>\n            \n<p><iframe loading=\"lazy\" title=\"BRS 2019 G\u00dcL\" width=\"677\" height=\"381\" src=\"https:\/\/www.youtube.com\/embed\/7eOk-TC4Fjs?feature=oembed\" frameborder=\"0\" allow=\"accelerometer; autoplay; clipboard-write; encrypted-media; gyroscope; picture-in-picture\" allowfullscreen><\/iframe><\/p>\n","protected":false},"excerpt":{"rendered":"<p>Kalan Kontenjan;\u00a0 0.. Kat\u0131l\u0131mc\u0131 Listesi Grup Listesi Uluslararas\u0131 Beyin Ara\u015ft\u0131rmalar\u0131 Okulu, BSN Sa\u011fl\u0131k Analiz Org. Ltd \u015eti taraf\u0131ndan S\u00fcleyman Demirel \u00dcniversitesinde [N\u00f6rolojik Bilimler Uygulama ve Ara\u015ft\u0131rma Merkezinde (N\u00d6ROBAM)] d\u00fczenlenecektir. Okulda, beyin, haf\u0131za, periferal a\u011fr\u0131 ve bunlar\u0131n fizyolojik-patofizyolojik-etiyolojik etkilerinin ara\u015ft\u0131r\u0131lmas\u0131nda kullan\u0131lan teknikleri ve temel sinir bilim bilgilerini ara\u015ft\u0131rmac\u0131lara aktarmay\u0131 hedeflemektedir (sinir h\u00fccre serilerinde yap\u0131lan, h\u00fccre k\u00fclt\u00fcr\u00fc a\u011f\u0131rl\u0131kl\u0131, Patch-Clamp, Western blot, kalsiyum sinyali, plate-reader (kuyucuk okuyucu, eliza) ve konfokal mikroskop analizleri). Ayr\u0131ca,&hellip; <\/p>\n","protected":false},"author":1,"featured_media":0,"parent":0,"menu_order":0,"comment_status":"closed","ping_status":"closed","template":"layouts\/page-fullwidth.php","meta":{"footnotes":""},"class_list":["post-8","page","type-page","status-publish","hentry"],"_links":{"self":[{"href":"https:\/\/2021.brs.org.tr\/index.php\/wp-json\/wp\/v2\/pages\/8","targetHints":{"allow":["GET"]}}],"collection":[{"href":"https:\/\/2021.brs.org.tr\/index.php\/wp-json\/wp\/v2\/pages"}],"about":[{"href":"https:\/\/2021.brs.org.tr\/index.php\/wp-json\/wp\/v2\/types\/page"}],"author":[{"embeddable":true,"href":"https:\/\/2021.brs.org.tr\/index.php\/wp-json\/wp\/v2\/users\/1"}],"replies":[{"embeddable":true,"href":"https:\/\/2021.brs.org.tr\/index.php\/wp-json\/wp\/v2\/comments?post=8"}],"version-history":[{"count":78,"href":"https:\/\/2021.brs.org.tr\/index.php\/wp-json\/wp\/v2\/pages\/8\/revisions"}],"predecessor-version":[{"id":1633,"href":"https:\/\/2021.brs.org.tr\/index.php\/wp-json\/wp\/v2\/pages\/8\/revisions\/1633"}],"wp:attachment":[{"href":"https:\/\/2021.brs.org.tr\/index.php\/wp-json\/wp\/v2\/media?parent=8"}],"curies":[{"name":"wp","href":"https:\/\/api.w.org\/{rel}","templated":true}]}}