{"id":248,"date":"2018-07-19T23:48:26","date_gmt":"2018-07-19T20:48:26","guid":{"rendered":"http:\/\/2019.brs.org.tr\/?page_id=248"},"modified":"2018-07-19T23:48:26","modified_gmt":"2018-07-19T20:48:26","slug":"konaklama","status":"publish","type":"page","link":"https:\/\/2021.brs.org.tr\/index.php\/konaklama\/","title":{"rendered":"Konaklama"},"content":{"rendered":"<p><strong>SD\u00dc Konukevi \/ ISPARTA<\/strong><br \/>\n\u0130stiklal Mah. Hac\u0131 \u0130brahim Parlar Cad. M\u00fcze alt\u0131 Isparta Merkez<\/p>\n<p>http:\/\/konukevi.sdu.edu.tr\/\u00a0 \u00a0 \u00a0 \u00a0E-Posta: konukevi@sdu.edu.tr<\/p>\n<p>Telefon: 0 (246) 232 3560\u00a0 \u00a0 \u00a0Telefon 2 :0 (246) 223 6760\u00a0 \u00a0\u00a0Faks:0 (246) 223 4480<\/p>\n<p>&nbsp;<\/p>\n<p><strong>SD\u00dc \u00c7ift\u00e7i E\u011fitim Merkezi \/ ISPARTA<\/strong><br \/>\nTel: (0246) 211 46 93&#8211; (0246) 211 48 49<\/p>\n","protected":false},"excerpt":{"rendered":"<p>SD\u00dc Konukevi \/ ISPARTA \u0130stiklal Mah. Hac\u0131 \u0130brahim Parlar Cad. M\u00fcze alt\u0131 Isparta Merkez http:\/\/konukevi.sdu.edu.tr\/\u00a0 \u00a0 \u00a0 \u00a0E-Posta: konukevi@sdu.edu.tr Telefon: 0 (246) 232 3560\u00a0 \u00a0 \u00a0Telefon 2 :0 (246) 223 6760\u00a0 \u00a0\u00a0Faks:0 (246) 223 4480 &nbsp; SD\u00dc \u00c7ift\u00e7i E\u011fitim Merkezi \/ ISPARTA Tel: (0246) 211 46 93&#8211; (0246) 211 48 49<\/p>\n","protected":false},"author":1,"featured_media":0,"parent":0,"menu_order":0,"comment_status":"closed","ping_status":"closed","template":"","meta":{"footnotes":""},"class_list":["post-248","page","type-page","status-publish","hentry"],"_links":{"self":[{"href":"https:\/\/2021.brs.org.tr\/index.php\/wp-json\/wp\/v2\/pages\/248","targetHints":{"allow":["GET"]}}],"collection":[{"href":"https:\/\/2021.brs.org.tr\/index.php\/wp-json\/wp\/v2\/pages"}],"about":[{"href":"https:\/\/2021.brs.org.tr\/index.php\/wp-json\/wp\/v2\/types\/page"}],"author":[{"embeddable":true,"href":"https:\/\/2021.brs.org.tr\/index.php\/wp-json\/wp\/v2\/users\/1"}],"replies":[{"embeddable":true,"href":"https:\/\/2021.brs.org.tr\/index.php\/wp-json\/wp\/v2\/comments?post=248"}],"version-history":[{"count":2,"href":"https:\/\/2021.brs.org.tr\/index.php\/wp-json\/wp\/v2\/pages\/248\/revisions"}],"predecessor-version":[{"id":319,"href":"https:\/\/2021.brs.org.tr\/index.php\/wp-json\/wp\/v2\/pages\/248\/revisions\/319"}],"wp:attachment":[{"href":"https:\/\/2021.brs.org.tr\/index.php\/wp-json\/wp\/v2\/media?parent=248"}],"curies":[{"name":"wp","href":"https:\/\/api.w.org\/{rel}","templated":true}]}}