{"id":147,"date":"2018-07-19T22:23:13","date_gmt":"2018-07-19T19:23:13","guid":{"rendered":"http:\/\/2019.brs.org.tr\/?page_id=147"},"modified":"2021-02-09T12:06:39","modified_gmt":"2021-02-09T09:06:39","slug":"duzenleme-kurulu","status":"publish","type":"page","link":"https:\/\/2021.brs.org.tr\/index.php\/duzenleme-kurulu\/","title":{"rendered":"D\u00fczenleme Kurulu"},"content":{"rendered":"<p><strong>Hedef Kitle<\/strong><\/p>\n<p>Sa\u011fl\u0131k alan\u0131na ilgi duyan t\u00fcm kat\u0131l\u0131mc\u0131lar i\u00e7in BRS okulumuz uygundur. Herhangi bir s\u0131n\u0131rlama yoktur. Bug\u00fcne kadar yap\u0131lan be\u015f BRS okuluna lise \u00f6\u011frencileri, t\u0131p fak\u00fcltesi \u00f6\u011frencileri, biyoloji \u00f6\u011frencileri, t\u0131p fak\u00fcltesi mezunlar\u0131, y\u00fcksek lisans ve doktora \u00f6\u011frencileri ve uzman doktorlar (beyin cerrahisi, n\u00f6roloji, anestezi, KBB ve g\u00f6z hastal\u0131klar\u0131), \u00e7e\u015fitli t\u0131p ve veteriner fak\u00fcltelerinden Dr. \u00d6\u011fr. \u00dcyesi, do\u00e7ent ve profes\u00f6rler kat\u0131lm\u0131\u015ft\u0131r. BRS-2021 program\u0131nda kiraz, elma ve g\u00fcl olmak \u00fczere \u00fc\u00e7 grup vard\u0131r. Kat\u0131l\u0131mc\u0131lar\u0131n e\u011fitim durumlar\u0131na g\u00f6re bu gruplar olu\u015fturdu\u011fundan e\u011fitimler \u00e7ok faydal\u0131 ge\u00e7mektedir. Kat\u0131l\u0131mc\u0131lara \u0130ngilizce terc\u00fcme deste\u011fi e\u011fitmenler taraf\u0131ndan verilmektedir.<\/p>\n<p style=\"text-align: center;\"><strong>Onur Kurulu<\/strong><\/p>\n<p style=\"text-align: center;\"><strong>Prof. Dr. \u0130lker H\u00fcseyin \u00c7ARIK\u00c7I<\/strong><\/p>\n<p style=\"text-align: center;\">S\u00fcleyman Demirel \u00dcniversitesi Rekt\u00f6r\u00fc<\/p>\n<p style=\"text-align: center;\"><strong>\u00a0<\/strong><strong>Prof. Dr. Alim KO\u015eAR<br \/>\n<\/strong>S\u00fcleyman Demirel \u00dcniversitesi T\u0131p Fak\u00fcltesi Dekan\u0131<\/p>\n<p style=\"text-align: center;\"><strong>D\u00fczenleme Kurulu<\/strong><\/p>\n<p style=\"text-align: center;\"><strong>Prof. Dr. Mustafa NAZIRO\u011eLU Ba\u015fkan<\/strong><\/p>\n<p style=\"text-align: center;\">S\u00fcleyman Demirel \u00dcniversitesi T\u0131p Fak\u00fcltesi Biyofizik A.D.<\/p>\n<p style=\"text-align: center;\"><strong>Do\u00e7. Dr. \u00d6mer \u00c7EL\u0130K Ba\u015fkan Yard\u0131mc\u0131s\u0131<\/strong><\/p>\n<p style=\"text-align: center;\">S\u00fcleyman Demirel \u00dcniversitesi T\u0131p Fak\u00fcltesi Biyofizik A.D.<\/p>\n<p style=\"text-align: center;\"><strong>S<\/strong><strong>ekretarya<\/strong><\/p>\n<p style=\"text-align: center;\"><strong>Ar\u015f. G\u00f6r. Dr. Kenan YILDIZHAN &amp; Ramazan \u00c7INAR, &amp; U\u011fur Faruk KALKAN<\/strong><\/p>\n<p style=\"text-align: center;\">S\u00fcleyman Demirel \u00dcniversitesi T\u0131p Fak\u00fcltesi Biyofizik A.D.<\/p>\n<p style=\"text-align: center;\">\n<p style=\"text-align: center;\"><strong>Mali Sorumlu<\/strong><\/p>\n<p style=\"text-align: center;\"><strong>Ar\u015f. G\u00f6r. Dr. Ahmi \u00d6Z &amp; Yener YAZ\u011eAN<\/strong><\/p>\n<p style=\"text-align: center;\">S\u00fcleyman Demirel \u00dcniversitesi T\u0131p Fak\u00fcltesi Biyofizik A.D.<\/p>\n<p><strong>\u00a0<\/strong><\/p>\n<p><strong>\u0130leti\u015fim<\/strong><\/p>\n<p>N\u00f6rolojik Bilimler Ar\u015f. ve Uyg. Merkezi, S\u00fcleyman Demirel \u00dcniversitesi, T\u0131p Fak\u00fcltesi Dekanl\u0131k Binas\u0131, Do\u011fu Kamp\u00fcs\u00fc,\u00a032260 \u00c7\u00fcn\u00fcr \/ Isparta<\/p>\n<p>Tel:\u00a0\u00a0\u00a0 +90 246 211 36 41<\/p>\n<p><a href=\"mailto:biophysics@sdu.edu.tr\">norobam@sdu.edu.tr<\/a><\/p>\n<p style=\"text-align: center;\">\n","protected":false},"excerpt":{"rendered":"<p>Hedef Kitle Sa\u011fl\u0131k alan\u0131na ilgi duyan t\u00fcm kat\u0131l\u0131mc\u0131lar i\u00e7in BRS okulumuz uygundur. Herhangi bir s\u0131n\u0131rlama yoktur. Bug\u00fcne kadar yap\u0131lan be\u015f BRS okuluna lise \u00f6\u011frencileri, t\u0131p fak\u00fcltesi \u00f6\u011frencileri, biyoloji \u00f6\u011frencileri, t\u0131p fak\u00fcltesi mezunlar\u0131, y\u00fcksek lisans ve doktora \u00f6\u011frencileri ve uzman doktorlar (beyin cerrahisi, n\u00f6roloji, anestezi, KBB ve g\u00f6z hastal\u0131klar\u0131), \u00e7e\u015fitli t\u0131p ve veteriner fak\u00fcltelerinden Dr. \u00d6\u011fr. \u00dcyesi, do\u00e7ent ve profes\u00f6rler kat\u0131lm\u0131\u015ft\u0131r. BRS-2021 program\u0131nda kiraz, elma ve g\u00fcl olmak \u00fczere \u00fc\u00e7 grup&hellip; <\/p>\n","protected":false},"author":1,"featured_media":0,"parent":0,"menu_order":0,"comment_status":"closed","ping_status":"closed","template":"","meta":{"footnotes":""},"class_list":["post-147","page","type-page","status-publish","hentry"],"_links":{"self":[{"href":"https:\/\/2021.brs.org.tr\/index.php\/wp-json\/wp\/v2\/pages\/147","targetHints":{"allow":["GET"]}}],"collection":[{"href":"https:\/\/2021.brs.org.tr\/index.php\/wp-json\/wp\/v2\/pages"}],"about":[{"href":"https:\/\/2021.brs.org.tr\/index.php\/wp-json\/wp\/v2\/types\/page"}],"author":[{"embeddable":true,"href":"https:\/\/2021.brs.org.tr\/index.php\/wp-json\/wp\/v2\/users\/1"}],"replies":[{"embeddable":true,"href":"https:\/\/2021.brs.org.tr\/index.php\/wp-json\/wp\/v2\/comments?post=147"}],"version-history":[{"count":20,"href":"https:\/\/2021.brs.org.tr\/index.php\/wp-json\/wp\/v2\/pages\/147\/revisions"}],"predecessor-version":[{"id":1505,"href":"https:\/\/2021.brs.org.tr\/index.php\/wp-json\/wp\/v2\/pages\/147\/revisions\/1505"}],"wp:attachment":[{"href":"https:\/\/2021.brs.org.tr\/index.php\/wp-json\/wp\/v2\/media?parent=147"}],"curies":[{"name":"wp","href":"https:\/\/api.w.org\/{rel}","templated":true}]}}