{"id":143,"date":"2018-07-19T22:20:57","date_gmt":"2018-07-19T19:20:57","guid":{"rendered":"http:\/\/2019.brs.org.tr\/?page_id=143"},"modified":"2021-02-07T15:08:42","modified_gmt":"2021-02-07T12:08:42","slug":"amac-ve-kapsam","status":"publish","type":"page","link":"https:\/\/2021.brs.org.tr\/index.php\/amac-ve-kapsam\/","title":{"rendered":"Ama\u00e7 ve Kapsam"},"content":{"rendered":"<p>S\u00fcleyman Demirel \u00dcniversitesi N\u00f6rolojik Bilimler Ara\u015ft\u0131rma ve Uygulama Merkezi (N\u00d6ROBAM) ve BSN Sa\u011fl\u0131k Analiz Ltd (G\u00f6ller B\u00f6lgesi Teknokent, S\u00fcleyman Demirel \u00dcn Kamp\u00fcs\u00fc, Isparta) taraf\u0131ndan ortakla\u015fa, 6. Uluslararas\u0131 Beyin Ara\u015ft\u0131rmalar\u0131 Okulu (BRS-2021) 21-27 Haziran 2021 tarihleri aras\u0131nda Isparta da ger\u00e7ekle\u015ftirilecektir. BRS-2021 de sunulan poster ve s\u00f6zl\u00fc sunum \u00f6zetleri, Scopus ve Google Scholar gibi bir\u00e7ok indeks taraf\u0131ndan taranan \u2018Journal of Cellular Neuroscience and Oxidative Stress dergisinde (<a href=\"https:\/\/dergipark.org.tr\/tr\/pub\/jcnos\">https:\/\/dergipark.org.tr\/tr\/pub\/jcnos<\/a>)\u2019 da bas\u0131lacakt\u0131r.<\/p>\n<p>6. Uluslararas\u0131 Beyin Ara\u015ft\u0131rmalar\u0131 Okulunda, h\u00fccre k\u00fclt\u00fcr\u00fc ortam\u0131nda Patch-Clamp elektrofizyoloji, Western blot, plate reader, Kalsiyum Sinyali ve konfokal mikroskop analizleri (Fluo-3, JC-1, MitoROS, DCFH-DA, FluoZn, and propidium iodide\/ Hoechst) \u00f6\u011fretilecektir. Okulda yeni projeler ve ara\u015ft\u0131rmalar yapabilmek i\u00e7in konular\u0131nda uzman yabanc\u0131 bilim insanlar\u0131 ile tan\u0131\u015fma, bilgi al\u0131\u015f-veri\u015fi gibi faaliyetler yap\u0131lacakt\u0131r. TRP katyon kanallar\u0131 ile de\u011fi\u015fik n\u00f6rolojik hastal\u0131klar aras\u0131ndaki etkile\u015fimler kat\u0131l\u0131mc\u0131lara \u00f6\u011fretilecektir. Kat\u0131l\u0131mc\u0131lara deney hayvanlar\u0131nda n\u00f6ropatik a\u011fr\u0131 olu\u015fturma ve \u00f6l\u00e7me teknikleri (Hot plate ve Von Frey-Sci Rep. 20177(1):17543. doi: 10.1038\/s41598-017-17715-1), ve sinir h\u00fccresi elde edilmesi (arka k\u00f6k gangliyon h\u00fccreleri, mikroglia-Mol Neurobiol. 2020;57(8):3390. doi: 10.1007\/s12035-020-01992-5 ve hipokampus-Mol Neurobiol. 2020 Aug;57(8):3508-3525. doi: 10.1007\/s12035-020-01974-7) de anlat\u0131lacakt\u0131r. Okul s\u0131ras\u0131nda bir\u00e7ok sosyal faaliyetlerde (Hal\u0131-Kilim M\u00fczesi ziyareti, E\u011firdir gezisi ve tarihi yerler, mangal partisi vb) d\u00fczenlenecektir. Haziran sonu Isparta da lavanta ve g\u00fcl bah\u00e7eleri bir\u00e7ok yerli ve yabanc\u0131 turist inan\u0131lmaz g\u00fczel manzaralar sergilemektedir. Bu g\u00fczellikleri kat\u0131l\u0131mc\u0131lara g\u00f6stermek i\u00e7in BRS-2021 i\u00e7in Haziran ay\u0131 tercih edilmi\u015ftir. Akademik gruba dahil olanlar\u0131n s\u00f6zl\u00fc sunum yaparak do\u00e7entlik ba\u015fvuru \u015fartlar\u0131n\u0131 sa\u011flamak m\u00fcmk\u00fcnd\u00fcr.<\/p>\n<p><strong>\u00a0Okul kontenjan\u0131 21 kat\u0131l\u0131mc\u0131 ile s\u0131n\u0131rl\u0131d\u0131r.<\/strong><\/p>\n<p>Bug\u00fcne kadar 1., 2. 3. 4. ve 5. Beyin Okullar\u0131na kat\u0131lan bilim insanlar\u0131ndan okulumuzun zengin sosyal ve bilimsel etkinlikleri hakk\u0131nda detayl\u0131 bilgi alabilirsiniz.<\/p>\n<p>G\u00fcl ve lavanta bah\u00e7eleri diyar\u0131 Isparta\u2019da g\u00f6r\u00fc\u015fmek \u00fcmidi ile. Sayg\u0131lar\u0131m\u0131zla.<\/p>\n<p>D\u00fczenleme Kurulu Ad\u0131na<\/p>\n<p>Prof. Dr. Mustafa NAZIRO\u011eLU<\/p>\n","protected":false},"excerpt":{"rendered":"<p>S\u00fcleyman Demirel \u00dcniversitesi N\u00f6rolojik Bilimler Ara\u015ft\u0131rma ve Uygulama Merkezi (N\u00d6ROBAM) ve BSN Sa\u011fl\u0131k Analiz Ltd (G\u00f6ller B\u00f6lgesi Teknokent, S\u00fcleyman Demirel \u00dcn Kamp\u00fcs\u00fc, Isparta) taraf\u0131ndan ortakla\u015fa, 6. Uluslararas\u0131 Beyin Ara\u015ft\u0131rmalar\u0131 Okulu (BRS-2021) 21-27 Haziran 2021 tarihleri aras\u0131nda Isparta da ger\u00e7ekle\u015ftirilecektir. BRS-2021 de sunulan poster ve s\u00f6zl\u00fc sunum \u00f6zetleri, Scopus ve Google Scholar gibi bir\u00e7ok indeks taraf\u0131ndan taranan \u2018Journal of Cellular Neuroscience and Oxidative Stress dergisinde (https:\/\/dergipark.org.tr\/tr\/pub\/jcnos)\u2019 da bas\u0131lacakt\u0131r. 6. Uluslararas\u0131 Beyin&hellip; <\/p>\n","protected":false},"author":1,"featured_media":0,"parent":0,"menu_order":0,"comment_status":"closed","ping_status":"closed","template":"","meta":{"footnotes":""},"class_list":["post-143","page","type-page","status-publish","hentry"],"_links":{"self":[{"href":"https:\/\/2021.brs.org.tr\/index.php\/wp-json\/wp\/v2\/pages\/143","targetHints":{"allow":["GET"]}}],"collection":[{"href":"https:\/\/2021.brs.org.tr\/index.php\/wp-json\/wp\/v2\/pages"}],"about":[{"href":"https:\/\/2021.brs.org.tr\/index.php\/wp-json\/wp\/v2\/types\/page"}],"author":[{"embeddable":true,"href":"https:\/\/2021.brs.org.tr\/index.php\/wp-json\/wp\/v2\/users\/1"}],"replies":[{"embeddable":true,"href":"https:\/\/2021.brs.org.tr\/index.php\/wp-json\/wp\/v2\/comments?post=143"}],"version-history":[{"count":14,"href":"https:\/\/2021.brs.org.tr\/index.php\/wp-json\/wp\/v2\/pages\/143\/revisions"}],"predecessor-version":[{"id":1435,"href":"https:\/\/2021.brs.org.tr\/index.php\/wp-json\/wp\/v2\/pages\/143\/revisions\/1435"}],"wp:attachment":[{"href":"https:\/\/2021.brs.org.tr\/index.php\/wp-json\/wp\/v2\/media?parent=143"}],"curies":[{"name":"wp","href":"https:\/\/api.w.org\/{rel}","templated":true}]}}